{"id":2565,"date":"2023-06-12T14:09:15","date_gmt":"2023-06-12T11:09:15","guid":{"rendered":"https:\/\/www.otiad.org.tr\/?page_id=2565"},"modified":"2023-09-08T14:04:57","modified_gmt":"2023-09-08T11:04:57","slug":"%d0%be%d0%b1%d1%8a%d1%8f%d0%b2%d0%bb%d0%b5%d0%bd%d0%b8%d1%8f","status":"publish","type":"page","link":"https:\/\/www.otiad.org.tr\/ru\/%d0%be%d0%b1%d1%8a%d1%8f%d0%b2%d0%bb%d0%b5%d0%bd%d0%b8%d1%8f\/","title":{"rendered":"DUYURULAR"},"content":{"rendered":"<div data-elementor-type=\"wp-page\" data-elementor-id=\"2565\" class=\"elementor elementor-2565\" data-elementor-post-type=\"page\">\n\t\t\t\t\t\t<section class=\"elementor-section elementor-top-section elementor-element elementor-element-ca89a34 elementor-section-boxed elementor-section-height-default elementor-section-height-default\" data-id=\"ca89a34\" data-element_type=\"section\" data-settings=\"{&quot;jet_parallax_layout_list&quot;:[]}\">\n\t\t\t\t\t\t<div class=\"elementor-container elementor-column-gap-default\">\n\t\t\t\t\t<div class=\"elementor-column elementor-col-100 elementor-top-column elementor-element elementor-element-09ee8be\" data-id=\"09ee8be\" data-element_type=\"column\">\n\t\t\t<div class=\"elementor-widget-wrap\">\n\t\t\t\t\t\t\t<\/div>\n\t\t<\/div>\n\t\t\t\t\t<\/div>\n\t\t<\/section>\n\t\t\t\t<\/div>","protected":false},"excerpt":{"rendered":"<p class=\"tx-excerpt\">Fashionist Online Moda ve Haz\u0131r Giyim 20 Kas\u0131m 2020 0Comments 8489Views Devam\u0131 Fashionist Osmanbey Rusya Haz\u0131r Giyim Sanal Tic. Heyeti 7 Ekim 2020 0Comments 3682Views Devam\u0131 Yeni D\u00f6nem Bizbize Sekt\u00f6rel [&hellip;]\n<\/p>","protected":false},"author":1,"featured_media":0,"parent":0,"menu_order":0,"comment_status":"closed","ping_status":"closed","template":"","meta":{"footnotes":""},"class_list":["post-2565","page","type-page","status-publish","hentry"],"_links":{"self":[{"href":"https:\/\/www.otiad.org.tr\/ru\/wp-json\/wp\/v2\/pages\/2565","targetHints":{"allow":["GET"]}}],"collection":[{"href":"https:\/\/www.otiad.org.tr\/ru\/wp-json\/wp\/v2\/pages"}],"about":[{"href":"https:\/\/www.otiad.org.tr\/ru\/wp-json\/wp\/v2\/types\/page"}],"author":[{"embeddable":true,"href":"https:\/\/www.otiad.org.tr\/ru\/wp-json\/wp\/v2\/users\/1"}],"replies":[{"embeddable":true,"href":"https:\/\/www.otiad.org.tr\/ru\/wp-json\/wp\/v2\/comments?post=2565"}],"version-history":[{"count":6,"href":"https:\/\/www.otiad.org.tr\/ru\/wp-json\/wp\/v2\/pages\/2565\/revisions"}],"predecessor-version":[{"id":5713,"href":"https:\/\/www.otiad.org.tr\/ru\/wp-json\/wp\/v2\/pages\/2565\/revisions\/5713"}],"wp:attachment":[{"href":"https:\/\/www.otiad.org.tr\/ru\/wp-json\/wp\/v2\/media?parent=2565"}],"curies":[{"name":"wp","href":"https:\/\/api.w.org\/{rel}","templated":true}]}}