{"id":2705,"date":"2023-06-13T11:21:34","date_gmt":"2023-06-13T08:21:34","guid":{"rendered":"https:\/\/www.otiad.org.tr\/?page_id=2705"},"modified":"2023-08-02T20:11:17","modified_gmt":"2023-08-02T17:11:17","slug":"appartenenza","status":"publish","type":"page","link":"https:\/\/www.otiad.org.tr\/it\/appartenenza\/","title":{"rendered":"Soci"},"content":{"rendered":"<div data-elementor-type=\"wp-page\" data-elementor-id=\"2705\" class=\"elementor elementor-2705\" data-elementor-post-type=\"page\">\n\t\t\t\t\t\t<section class=\"elementor-section elementor-top-section elementor-element elementor-element-12c4dab elementor-section-boxed elementor-section-height-default elementor-section-height-default\" data-id=\"12c4dab\" data-element_type=\"section\" data-settings=\"{&quot;jet_parallax_layout_list&quot;:[]}\">\n\t\t\t\t\t\t<div class=\"elementor-container elementor-column-gap-default\">\n\t\t\t\t\t<div class=\"elementor-column elementor-col-100 elementor-top-column elementor-element elementor-element-4db42a7\" data-id=\"4db42a7\" data-element_type=\"column\">\n\t\t\t<div class=\"elementor-widget-wrap elementor-element-populated\">\n\t\t\t\t\t\t<div class=\"elementor-element elementor-element-00316c9 elementor-widget elementor-widget-image\" data-id=\"00316c9\" data-element_type=\"widget\" data-widget_type=\"image.default\">\n\t\t\t\t<div class=\"elementor-widget-container\">\n\t\t\t\t\t\t\t\t\t\t\t\t\t\t\t<img fetchpriority=\"high\" decoding=\"async\" width=\"1000\" height=\"450\" src=\"https:\/\/www.otiad.org.tr\/wp-content\/uploads\/2023\/06\/uyelik.jpg\" class=\"attachment-large size-large wp-image-2706\" alt=\"\" srcset=\"https:\/\/www.otiad.org.tr\/wp-content\/uploads\/2023\/06\/uyelik.jpg 1000w, https:\/\/www.otiad.org.tr\/wp-content\/uploads\/2023\/06\/uyelik-300x135.jpg 300w, https:\/\/www.otiad.org.tr\/wp-content\/uploads\/2023\/06\/uyelik-768x346.jpg 768w, https:\/\/www.otiad.org.tr\/wp-content\/uploads\/2023\/06\/uyelik-370x167.jpg 370w, https:\/\/www.otiad.org.tr\/wp-content\/uploads\/2023\/06\/uyelik-760x342.jpg 760w, https:\/\/www.otiad.org.tr\/wp-content\/uploads\/2023\/06\/uyelik-200x90.jpg 200w\" sizes=\"(max-width: 1000px) 100vw, 1000px\" \/>\t\t\t\t\t\t\t\t\t\t\t\t\t\t\t<\/div>\n\t\t\t\t<\/div>\n\t\t\t\t\t<\/div>\n\t\t<\/div>\n\t\t\t\t\t<\/div>\n\t\t<\/section>\n\t\t\t\t<section class=\"elementor-section elementor-top-section elementor-element elementor-element-a1c9e92 elementor-section-boxed elementor-section-height-default elementor-section-height-default\" data-id=\"a1c9e92\" data-element_type=\"section\" data-settings=\"{&quot;jet_parallax_layout_list&quot;:[]}\">\n\t\t\t\t\t\t<div class=\"elementor-container elementor-column-gap-default\">\n\t\t\t\t\t<div class=\"elementor-column elementor-col-100 elementor-top-column elementor-element elementor-element-3f38921\" data-id=\"3f38921\" data-element_type=\"column\">\n\t\t\t<div class=\"elementor-widget-wrap elementor-element-populated\">\n\t\t\t\t\t\t<div class=\"elementor-element elementor-element-aafa356 elementor-widget elementor-widget-text-editor\" data-id=\"aafa356\" data-element_type=\"widget\" data-widget_type=\"text-editor.default\">\n\t\t\t\t<div class=\"elementor-widget-container\">\n\t\t\t\t\t\t\t\t\t<p>Se desiderate diventare membri di OT\u0130AD, che offre l'opportunit\u00e0 di svolgere studi simultanei in collegamento con molti uomini d'affari di successo, potete candidarvi compilando il modulo che scaricherete sul vostro computer tramite il pulsante sottostante.<\/p>\n<p>Dopo aver compilato e firmato il modulo, \u00e8 possibile inviarne una copia al nostro indirizzo e-mail otiad@otiad.org.tr.<\/p>\t\t\t\t\t\t\t\t<\/div>\n\t\t\t\t<\/div>\n\t\t\t\t\t<\/div>\n\t\t<\/div>\n\t\t\t\t\t<\/div>\n\t\t<\/section>\n\t\t\t\t<section class=\"elementor-section elementor-top-section elementor-element elementor-element-416981c elementor-section-boxed elementor-section-height-default elementor-section-height-default\" data-id=\"416981c\" data-element_type=\"section\" data-settings=\"{&quot;jet_parallax_layout_list&quot;:[]}\">\n\t\t\t\t\t\t<div class=\"elementor-container elementor-column-gap-default\">\n\t\t\t\t\t<div class=\"elementor-column elementor-col-100 elementor-top-column elementor-element elementor-element-06038ce\" data-id=\"06038ce\" data-element_type=\"column\">\n\t\t\t<div class=\"elementor-widget-wrap elementor-element-populated\">\n\t\t\t\t\t\t<div class=\"elementor-element elementor-element-0e00d58 elementor-widget-divider--view-line elementor-widget elementor-widget-divider\" data-id=\"0e00d58\" data-element_type=\"widget\" data-widget_type=\"divider.default\">\n\t\t\t\t<div class=\"elementor-widget-container\">\n\t\t\t\t\t\t\t<div class=\"elementor-divider\">\n\t\t\t<span class=\"elementor-divider-separator\">\n\t\t\t\t\t\t<\/span>\n\t\t<\/div>\n\t\t\t\t\t\t<\/div>\n\t\t\t\t<\/div>\n\t\t\t\t\t<\/div>\n\t\t<\/div>\n\t\t\t\t\t<\/div>\n\t\t<\/section>\n\t\t\t\t<section class=\"elementor-section elementor-top-section elementor-element elementor-element-5943e3e elementor-section-boxed elementor-section-height-default elementor-section-height-default\" data-id=\"5943e3e\" data-element_type=\"section\" data-settings=\"{&quot;jet_parallax_layout_list&quot;:[]}\">\n\t\t\t\t\t\t<div class=\"elementor-container elementor-column-gap-default\">\n\t\t\t\t\t<div class=\"elementor-column elementor-col-100 elementor-top-column elementor-element elementor-element-bb1685f\" data-id=\"bb1685f\" data-element_type=\"column\">\n\t\t\t<div class=\"elementor-widget-wrap elementor-element-populated\">\n\t\t\t\t\t\t<div class=\"elementor-element elementor-element-e4d5c93 elementor-widget elementor-widget-text-editor\" data-id=\"e4d5c93\" data-element_type=\"widget\" data-widget_type=\"text-editor.default\">\n\t\t\t\t<div class=\"elementor-widget-container\">\n\t\t\t\t\t\t\t\t\t<ol>\n<li><em>Le persone reali che accettano gli obiettivi dell'OT\u0130AD possono diventare membri a pieno titolo dell'OT\u0130AD.<\/em><\/li>\n<li><em>Coloro che diventeranno membri di OT\u0130AD devono avere la capacit\u00e0 di agire e devono aver compiuto il diciottesimo anno di et\u00e0.<\/em><\/li>\n<li><em>Entro 30 giorni viene presa una decisione a maggioranza dei membri del Consiglio di Amministrazione sul candidato membro presentato all'OT\u0130AD e il risultato viene comunicato al candidato per iscritto. Il candidato la cui domanda viene accettata viene registrato nel libro da tenere a questo scopo. I fondatori sono membri a pieno titolo dell'associazione.<\/em><\/li>\n<li><em>Per diventare membri dell'associazione, i cittadini non turchi devono avere il diritto di risiedere in Turchia, oltre alle condizioni richieste per i cittadini turchi. Per i soci onorari non \u00e8 richiesto alcun requisito di residenza. I membri dell'Associazione si impegnano a rispettare i \"Principi di etica aziendale\" allegati al presente statuto.<\/em><\/li>\n<\/ol>\t\t\t\t\t\t\t\t<\/div>\n\t\t\t\t<\/div>\n\t\t\t\t\t<\/div>\n\t\t<\/div>\n\t\t\t\t\t<\/div>\n\t\t<\/section>\n\t\t\t\t<\/div>","protected":false},"excerpt":{"rendered":"<p class=\"tx-excerpt\">Pek \u00e7ok ba\u015far\u0131l\u0131 i\u015f insan\u0131 ile ba\u011flant\u0131l\u0131 ve e\u015f zamanl\u0131 \u00e7al\u0131\u015fmalar y\u00fcr\u00fctme f\u0131rsat\u0131 sunan OT\u0130AD&#8217;a sizde \u00fcye olmak isterseniz a\u015fa\u011f\u0131daki buton vas\u0131tas\u0131 ile bilgisayar\u0131n\u0131za indirece\u011finiz formu doldururak ba\u015fvurabilirsiniz. Formu doldurup [&hellip;]\n<\/p>","protected":false},"author":1,"featured_media":0,"parent":0,"menu_order":0,"comment_status":"closed","ping_status":"closed","template":"","meta":{"footnotes":""},"class_list":["post-2705","page","type-page","status-publish","hentry"],"_links":{"self":[{"href":"https:\/\/www.otiad.org.tr\/it\/wp-json\/wp\/v2\/pages\/2705","targetHints":{"allow":["GET"]}}],"collection":[{"href":"https:\/\/www.otiad.org.tr\/it\/wp-json\/wp\/v2\/pages"}],"about":[{"href":"https:\/\/www.otiad.org.tr\/it\/wp-json\/wp\/v2\/types\/page"}],"author":[{"embeddable":true,"href":"https:\/\/www.otiad.org.tr\/it\/wp-json\/wp\/v2\/users\/1"}],"replies":[{"embeddable":true,"href":"https:\/\/www.otiad.org.tr\/it\/wp-json\/wp\/v2\/comments?post=2705"}],"version-history":[{"count":7,"href":"https:\/\/www.otiad.org.tr\/it\/wp-json\/wp\/v2\/pages\/2705\/revisions"}],"predecessor-version":[{"id":5361,"href":"https:\/\/www.otiad.org.tr\/it\/wp-json\/wp\/v2\/pages\/2705\/revisions\/5361"}],"wp:attachment":[{"href":"https:\/\/www.otiad.org.tr\/it\/wp-json\/wp\/v2\/media?parent=2705"}],"curies":[{"name":"wp","href":"https:\/\/api.w.org\/{rel}","templated":true}]}}