{"id":2606,"date":"2023-06-12T15:36:08","date_gmt":"2023-06-12T12:36:08","guid":{"rendered":"https:\/\/www.otiad.org.tr\/?page_id=2606"},"modified":"2023-06-12T16:14:58","modified_gmt":"2023-06-12T13:14:58","slug":"osmanbey-moda-dergisi","status":"publish","type":"page","link":"https:\/\/www.otiad.org.tr\/it\/osmanbey-moda-dergisi\/","title":{"rendered":"Osmanbey Moda Dergisi"},"content":{"rendered":"<div data-elementor-type=\"wp-page\" data-elementor-id=\"2606\" class=\"elementor elementor-2606\" data-elementor-post-type=\"page\">\n\t\t\t\t\t\t<section class=\"elementor-section elementor-top-section elementor-element elementor-element-672d769 elementor-section-boxed elementor-section-height-default elementor-section-height-default\" data-id=\"672d769\" data-element_type=\"section\" data-settings=\"{&quot;jet_parallax_layout_list&quot;:[]}\">\n\t\t\t\t\t\t<div class=\"elementor-container elementor-column-gap-default\">\n\t\t\t\t\t<div class=\"elementor-column elementor-col-50 elementor-top-column elementor-element elementor-element-326fef7\" data-id=\"326fef7\" data-element_type=\"column\">\n\t\t\t<div class=\"elementor-widget-wrap elementor-element-populated\">\n\t\t\t\t\t\t<div class=\"elementor-element elementor-element-d93b14a elementor-widget elementor-widget-image\" data-id=\"d93b14a\" data-element_type=\"widget\" data-widget_type=\"image.default\">\n\t\t\t\t<div class=\"elementor-widget-container\">\n\t\t\t\t\t\t\t\t\t\t\t\t\t\t\t\t<a href=\"https:\/\/www.otiad.org.tr\/wp-content\/uploads\/2023\/06\/OBMD_eylul_ekim.pdf\" target=\"_blank\">\n\t\t\t\t\t\t\t<img fetchpriority=\"high\" decoding=\"async\" width=\"225\" height=\"300\" src=\"https:\/\/www.otiad.org.tr\/wp-content\/uploads\/2023\/06\/Screen-Shot-2020-09-17-at-10.34.29.png\" class=\"attachment-large size-large wp-image-2613\" alt=\"\" srcset=\"https:\/\/www.otiad.org.tr\/wp-content\/uploads\/2023\/06\/Screen-Shot-2020-09-17-at-10.34.29.png 225w, https:\/\/www.otiad.org.tr\/wp-content\/uploads\/2023\/06\/Screen-Shot-2020-09-17-at-10.34.29-150x200.png 150w\" sizes=\"(max-width: 225px) 100vw, 225px\" \/>\t\t\t\t\t\t\t\t<\/a>\n\t\t\t\t\t\t\t\t\t\t\t\t\t\t\t<\/div>\n\t\t\t\t<\/div>\n\t\t\t\t<div class=\"elementor-element elementor-element-2bf1b11 elementor-widget elementor-widget-heading\" data-id=\"2bf1b11\" data-element_type=\"widget\" data-widget_type=\"heading.default\">\n\t\t\t\t<div class=\"elementor-widget-container\">\n\t\t\t\t\t<h3 class=\"elementor-heading-title elementor-size-default\"><a href=\"https:\/\/www.otiad.org.tr\/wp-content\/uploads\/2023\/06\/OBMD_eylul_ekim.pdf\" target=\"_blank\">Eyl\u00fcl - Ekim 2020<\/a><\/h3>\t\t\t\t<\/div>\n\t\t\t\t<\/div>\n\t\t\t\t\t<\/div>\n\t\t<\/div>\n\t\t\t\t<div class=\"elementor-column elementor-col-50 elementor-top-column elementor-element elementor-element-ad151e4\" data-id=\"ad151e4\" data-element_type=\"column\">\n\t\t\t<div class=\"elementor-widget-wrap elementor-element-populated\">\n\t\t\t\t\t\t<div class=\"elementor-element elementor-element-2e4ed9b elementor-widget elementor-widget-image\" data-id=\"2e4ed9b\" data-element_type=\"widget\" data-widget_type=\"image.default\">\n\t\t\t\t<div class=\"elementor-widget-container\">\n\t\t\t\t\t\t\t\t\t\t\t\t\t\t\t\t<a href=\"https:\/\/www.otiad.org.tr\/wp-content\/uploads\/2023\/06\/dergibirlesik.pdf\" target=\"_blank\">\n\t\t\t\t\t\t\t<img decoding=\"async\" width=\"224\" height=\"300\" src=\"https:\/\/www.otiad.org.tr\/wp-content\/uploads\/2023\/06\/Screen-Shot-2020-02-25-at-12.03.59.png\" class=\"attachment-large size-large wp-image-2614\" alt=\"\" srcset=\"https:\/\/www.otiad.org.tr\/wp-content\/uploads\/2023\/06\/Screen-Shot-2020-02-25-at-12.03.59.png 224w, https:\/\/www.otiad.org.tr\/wp-content\/uploads\/2023\/06\/Screen-Shot-2020-02-25-at-12.03.59-149x200.png 149w\" sizes=\"(max-width: 224px) 100vw, 224px\" \/>\t\t\t\t\t\t\t\t<\/a>\n\t\t\t\t\t\t\t\t\t\t\t\t\t\t\t<\/div>\n\t\t\t\t<\/div>\n\t\t\t\t<div class=\"elementor-element elementor-element-a039ddb elementor-widget elementor-widget-heading\" data-id=\"a039ddb\" data-element_type=\"widget\" data-widget_type=\"heading.default\">\n\t\t\t\t<div class=\"elementor-widget-container\">\n\t\t\t\t\t<h3 class=\"elementor-heading-title elementor-size-default\"><a href=\"https:\/\/www.otiad.org.tr\/wp-content\/uploads\/2023\/06\/dergibirlesik.pdf\" target=\"_blank\">Ocak - Mart 2020<\/a><\/h3>\t\t\t\t<\/div>\n\t\t\t\t<\/div>\n\t\t\t\t\t<\/div>\n\t\t<\/div>\n\t\t\t\t\t<\/div>\n\t\t<\/section>\n\t\t\t\t<section class=\"elementor-section elementor-top-section elementor-element elementor-element-0f2aa23 elementor-section-boxed elementor-section-height-default elementor-section-height-default\" data-id=\"0f2aa23\" data-element_type=\"section\" data-settings=\"{&quot;jet_parallax_layout_list&quot;:[]}\">\n\t\t\t\t\t\t<div class=\"elementor-container elementor-column-gap-default\">\n\t\t\t\t\t<div class=\"elementor-column elementor-col-100 elementor-top-column elementor-element elementor-element-8e31743\" data-id=\"8e31743\" data-element_type=\"column\">\n\t\t\t<div class=\"elementor-widget-wrap elementor-element-populated\">\n\t\t\t\t\t\t<div class=\"elementor-element elementor-element-617daa7 elementor-widget-divider--view-line elementor-widget elementor-widget-divider\" data-id=\"617daa7\" data-element_type=\"widget\" data-widget_type=\"divider.default\">\n\t\t\t\t<div class=\"elementor-widget-container\">\n\t\t\t\t\t\t\t<div class=\"elementor-divider\">\n\t\t\t<span class=\"elementor-divider-separator\">\n\t\t\t\t\t\t<\/span>\n\t\t<\/div>\n\t\t\t\t\t\t<\/div>\n\t\t\t\t<\/div>\n\t\t\t\t\t<\/div>\n\t\t<\/div>\n\t\t\t\t\t<\/div>\n\t\t<\/section>\n\t\t\t\t<section class=\"elementor-section elementor-top-section elementor-element elementor-element-5aec57c elementor-section-boxed elementor-section-height-default elementor-section-height-default\" data-id=\"5aec57c\" data-element_type=\"section\" data-settings=\"{&quot;jet_parallax_layout_list&quot;:[]}\">\n\t\t\t\t\t\t<div class=\"elementor-container elementor-column-gap-default\">\n\t\t\t\t\t<div class=\"elementor-column elementor-col-50 elementor-top-column elementor-element elementor-element-94cf23b\" data-id=\"94cf23b\" data-element_type=\"column\">\n\t\t\t<div class=\"elementor-widget-wrap elementor-element-populated\">\n\t\t\t\t\t\t<div class=\"elementor-element elementor-element-350a558 elementor-widget elementor-widget-image\" data-id=\"350a558\" data-element_type=\"widget\" data-widget_type=\"image.default\">\n\t\t\t\t<div class=\"elementor-widget-container\">\n\t\t\t\t\t\t\t\t\t\t\t\t\t\t\t\t<a href=\"https:\/\/www.otiad.org.tr\/wp-content\/uploads\/2023\/06\/omd114_r.pdf\" target=\"_blank\">\n\t\t\t\t\t\t\t<img decoding=\"async\" width=\"225\" height=\"300\" src=\"https:\/\/www.otiad.org.tr\/wp-content\/uploads\/2023\/06\/kapak.jpg\" class=\"attachment-large size-large wp-image-2615\" alt=\"\" srcset=\"https:\/\/www.otiad.org.tr\/wp-content\/uploads\/2023\/06\/kapak.jpg 225w, https:\/\/www.otiad.org.tr\/wp-content\/uploads\/2023\/06\/kapak-150x200.jpg 150w\" sizes=\"(max-width: 225px) 100vw, 225px\" \/>\t\t\t\t\t\t\t\t<\/a>\n\t\t\t\t\t\t\t\t\t\t\t\t\t\t\t<\/div>\n\t\t\t\t<\/div>\n\t\t\t\t<div class=\"elementor-element elementor-element-cdef0a0 elementor-widget elementor-widget-heading\" data-id=\"cdef0a0\" data-element_type=\"widget\" data-widget_type=\"heading.default\">\n\t\t\t\t<div class=\"elementor-widget-container\">\n\t\t\t\t\t<h3 class=\"elementor-heading-title elementor-size-default\"><a href=\"https:\/\/www.otiad.org.tr\/wp-content\/uploads\/2023\/06\/omd114_r.pdf\" target=\"_blank\">Fashionist \u00d6zel Say\u0131s\u0131 2019<\/a><\/h3>\t\t\t\t<\/div>\n\t\t\t\t<\/div>\n\t\t\t\t\t<\/div>\n\t\t<\/div>\n\t\t\t\t<div class=\"elementor-column elementor-col-50 elementor-top-column elementor-element elementor-element-47e9444\" data-id=\"47e9444\" data-element_type=\"column\">\n\t\t\t<div class=\"elementor-widget-wrap elementor-element-populated\">\n\t\t\t\t\t\t<div class=\"elementor-element elementor-element-9d9e440 elementor-widget elementor-widget-image\" data-id=\"9d9e440\" data-element_type=\"widget\" data-widget_type=\"image.default\">\n\t\t\t\t<div class=\"elementor-widget-container\">\n\t\t\t\t\t\t\t\t\t\t\t\t\t\t\t\t<a href=\"https:\/\/www.otiad.org.tr\/wp-content\/uploads\/2023\/06\/Mayis-Haziran-2019.pdf\" target=\"_blank\">\n\t\t\t\t\t\t\t<img loading=\"lazy\" decoding=\"async\" width=\"225\" height=\"300\" src=\"https:\/\/www.otiad.org.tr\/wp-content\/uploads\/2023\/06\/Mayis-Haziran-2019.png\" class=\"attachment-large size-large wp-image-2617\" alt=\"\" srcset=\"https:\/\/www.otiad.org.tr\/wp-content\/uploads\/2023\/06\/Mayis-Haziran-2019.png 225w, https:\/\/www.otiad.org.tr\/wp-content\/uploads\/2023\/06\/Mayis-Haziran-2019-150x200.png 150w\" sizes=\"(max-width: 225px) 100vw, 225px\" \/>\t\t\t\t\t\t\t\t<\/a>\n\t\t\t\t\t\t\t\t\t\t\t\t\t\t\t<\/div>\n\t\t\t\t<\/div>\n\t\t\t\t<div class=\"elementor-element elementor-element-6add1de elementor-widget elementor-widget-heading\" data-id=\"6add1de\" data-element_type=\"widget\" data-widget_type=\"heading.default\">\n\t\t\t\t<div class=\"elementor-widget-container\">\n\t\t\t\t\t<h3 class=\"elementor-heading-title elementor-size-default\"><a href=\"https:\/\/www.otiad.org.tr\/wp-content\/uploads\/2023\/06\/Mayis-Haziran-2019.pdf\" target=\"_blank\">May\u0131s - Haziran 2019<\/a><\/h3>\t\t\t\t<\/div>\n\t\t\t\t<\/div>\n\t\t\t\t\t<\/div>\n\t\t<\/div>\n\t\t\t\t\t<\/div>\n\t\t<\/section>\n\t\t\t\t<section class=\"elementor-section elementor-top-section elementor-element elementor-element-6690efa elementor-section-boxed elementor-section-height-default elementor-section-height-default\" data-id=\"6690efa\" data-element_type=\"section\" data-settings=\"{&quot;jet_parallax_layout_list&quot;:[]}\">\n\t\t\t\t\t\t<div class=\"elementor-container elementor-column-gap-default\">\n\t\t\t\t\t<div class=\"elementor-column elementor-col-100 elementor-top-column elementor-element elementor-element-d4c8c98\" data-id=\"d4c8c98\" data-element_type=\"column\">\n\t\t\t<div class=\"elementor-widget-wrap elementor-element-populated\">\n\t\t\t\t\t\t<div class=\"elementor-element elementor-element-a95219b elementor-widget-divider--view-line elementor-widget elementor-widget-divider\" data-id=\"a95219b\" data-element_type=\"widget\" data-widget_type=\"divider.default\">\n\t\t\t\t<div class=\"elementor-widget-container\">\n\t\t\t\t\t\t\t<div class=\"elementor-divider\">\n\t\t\t<span class=\"elementor-divider-separator\">\n\t\t\t\t\t\t<\/span>\n\t\t<\/div>\n\t\t\t\t\t\t<\/div>\n\t\t\t\t<\/div>\n\t\t\t\t\t<\/div>\n\t\t<\/div>\n\t\t\t\t\t<\/div>\n\t\t<\/section>\n\t\t\t\t<section class=\"elementor-section elementor-top-section elementor-element elementor-element-fefcc44 elementor-section-boxed elementor-section-height-default elementor-section-height-default\" data-id=\"fefcc44\" data-element_type=\"section\" data-settings=\"{&quot;jet_parallax_layout_list&quot;:[]}\">\n\t\t\t\t\t\t<div class=\"elementor-container elementor-column-gap-default\">\n\t\t\t\t\t<div class=\"elementor-column elementor-col-50 elementor-top-column elementor-element elementor-element-7f9b253\" data-id=\"7f9b253\" data-element_type=\"column\">\n\t\t\t<div class=\"elementor-widget-wrap elementor-element-populated\">\n\t\t\t\t\t\t<div class=\"elementor-element elementor-element-e5d4e67 elementor-widget elementor-widget-image\" data-id=\"e5d4e67\" data-element_type=\"widget\" data-widget_type=\"image.default\">\n\t\t\t\t<div class=\"elementor-widget-container\">\n\t\t\t\t\t\t\t\t\t\t\t\t\t\t\t\t<a href=\"https:\/\/www.otiad.org.tr\/wp-content\/uploads\/2023\/06\/Osmanbey_Moda_Mart_Nisan_2019_web.pdf\" target=\"_blank\">\n\t\t\t\t\t\t\t<img loading=\"lazy\" decoding=\"async\" width=\"225\" height=\"300\" src=\"https:\/\/www.otiad.org.tr\/wp-content\/uploads\/2023\/06\/kapak2.jpg\" class=\"attachment-large size-large wp-image-2616\" alt=\"\" srcset=\"https:\/\/www.otiad.org.tr\/wp-content\/uploads\/2023\/06\/kapak2.jpg 225w, https:\/\/www.otiad.org.tr\/wp-content\/uploads\/2023\/06\/kapak2-150x200.jpg 150w\" sizes=\"(max-width: 225px) 100vw, 225px\" \/>\t\t\t\t\t\t\t\t<\/a>\n\t\t\t\t\t\t\t\t\t\t\t\t\t\t\t<\/div>\n\t\t\t\t<\/div>\n\t\t\t\t<div class=\"elementor-element elementor-element-48b551e elementor-widget elementor-widget-heading\" data-id=\"48b551e\" data-element_type=\"widget\" data-widget_type=\"heading.default\">\n\t\t\t\t<div class=\"elementor-widget-container\">\n\t\t\t\t\t<h3 class=\"elementor-heading-title elementor-size-default\"><a href=\"https:\/\/www.otiad.org.tr\/wp-content\/uploads\/2023\/06\/Osmanbey_Moda_Mart_Nisan_2019_web.pdf\" target=\"_blank\">Mart - Nisan 2019<\/a><\/h3>\t\t\t\t<\/div>\n\t\t\t\t<\/div>\n\t\t\t\t\t<\/div>\n\t\t<\/div>\n\t\t\t\t<div class=\"elementor-column elementor-col-50 elementor-top-column elementor-element elementor-element-8749d02\" data-id=\"8749d02\" data-element_type=\"column\">\n\t\t\t<div class=\"elementor-widget-wrap elementor-element-populated\">\n\t\t\t\t\t\t<div class=\"elementor-element elementor-element-1c1090a elementor-widget elementor-widget-image\" data-id=\"1c1090a\" data-element_type=\"widget\" data-widget_type=\"image.default\">\n\t\t\t\t<div class=\"elementor-widget-container\">\n\t\t\t\t\t\t\t\t\t\t\t\t\t\t\t\t<a href=\"https:\/\/www.otiad.org.tr\/wp-content\/uploads\/2023\/06\/moda_subat.pdf\" target=\"_blank\">\n\t\t\t\t\t\t\t<img loading=\"lazy\" decoding=\"async\" width=\"224\" height=\"300\" src=\"https:\/\/www.otiad.org.tr\/wp-content\/uploads\/2023\/06\/Screen-Shot-2019-01-29-at-19.54.09.png\" class=\"attachment-large size-large wp-image-2618\" alt=\"\" srcset=\"https:\/\/www.otiad.org.tr\/wp-content\/uploads\/2023\/06\/Screen-Shot-2019-01-29-at-19.54.09.png 224w, https:\/\/www.otiad.org.tr\/wp-content\/uploads\/2023\/06\/Screen-Shot-2019-01-29-at-19.54.09-149x200.png 149w\" sizes=\"(max-width: 224px) 100vw, 224px\" \/>\t\t\t\t\t\t\t\t<\/a>\n\t\t\t\t\t\t\t\t\t\t\t\t\t\t\t<\/div>\n\t\t\t\t<\/div>\n\t\t\t\t<div class=\"elementor-element elementor-element-88d3d4a elementor-widget elementor-widget-heading\" data-id=\"88d3d4a\" data-element_type=\"widget\" data-widget_type=\"heading.default\">\n\t\t\t\t<div class=\"elementor-widget-container\">\n\t\t\t\t\t<h3 class=\"elementor-heading-title elementor-size-default\"><a href=\"https:\/\/www.otiad.org.tr\/wp-content\/uploads\/2023\/06\/moda_subat.pdf\" target=\"_blank\">Ocak - \u015eubat 2019\n<\/a><\/h3>\t\t\t\t<\/div>\n\t\t\t\t<\/div>\n\t\t\t\t\t<\/div>\n\t\t<\/div>\n\t\t\t\t\t<\/div>\n\t\t<\/section>\n\t\t\t\t<\/div>","protected":false},"excerpt":{"rendered":"<p class=\"tx-excerpt\">Eyl\u00fcl &#8211; Ekim 2020 Dergiyi G\u00f6r\u00fcnt\u00fcle Ocak &#8211; Mart 2020 Dergiyi G\u00f6r\u00fcnt\u00fcle Fashionist \u00d6zel Say\u0131s\u0131 2019 Dergiyi G\u00f6r\u00fcnt\u00fcle May\u0131s &#8211; Haziran 2019 Dergiyi G\u00f6r\u00fcnt\u00fcle Mart &#8211; Nisan 2019 Dergiyi G\u00f6r\u00fcnt\u00fcle [&hellip;]\n<\/p>","protected":false},"author":1,"featured_media":0,"parent":0,"menu_order":0,"comment_status":"closed","ping_status":"closed","template":"","meta":{"footnotes":""},"class_list":["post-2606","page","type-page","status-publish","hentry"],"_links":{"self":[{"href":"https:\/\/www.otiad.org.tr\/it\/wp-json\/wp\/v2\/pages\/2606","targetHints":{"allow":["GET"]}}],"collection":[{"href":"https:\/\/www.otiad.org.tr\/it\/wp-json\/wp\/v2\/pages"}],"about":[{"href":"https:\/\/www.otiad.org.tr\/it\/wp-json\/wp\/v2\/types\/page"}],"author":[{"embeddable":true,"href":"https:\/\/www.otiad.org.tr\/it\/wp-json\/wp\/v2\/users\/1"}],"replies":[{"embeddable":true,"href":"https:\/\/www.otiad.org.tr\/it\/wp-json\/wp\/v2\/comments?post=2606"}],"version-history":[{"count":25,"href":"https:\/\/www.otiad.org.tr\/it\/wp-json\/wp\/v2\/pages\/2606\/revisions"}],"predecessor-version":[{"id":2647,"href":"https:\/\/www.otiad.org.tr\/it\/wp-json\/wp\/v2\/pages\/2606\/revisions\/2647"}],"wp:attachment":[{"href":"https:\/\/www.otiad.org.tr\/it\/wp-json\/wp\/v2\/media?parent=2606"}],"curies":[{"name":"wp","href":"https:\/\/api.w.org\/{rel}","templated":true}]}}