{"id":8464,"date":"2026-04-13T18:05:21","date_gmt":"2026-04-13T15:05:21","guid":{"rendered":"https:\/\/www.otiad.org.tr\/?page_id=8464"},"modified":"2026-04-13T18:06:21","modified_gmt":"2026-04-13T15:06:21","slug":"otiad-tv","status":"publish","type":"page","link":"https:\/\/www.otiad.org.tr\/ar\/otiad-tv\/","title":{"rendered":"OT\u0130AD TV"},"content":{"rendered":"<div data-elementor-type=\"wp-page\" data-elementor-id=\"8464\" class=\"elementor elementor-8464\" data-elementor-post-type=\"page\">\n\t\t\t\t\t\t<section class=\"elementor-section elementor-top-section elementor-element elementor-element-0c5a7f8 elementor-section-boxed elementor-section-height-default elementor-section-height-default\" data-id=\"0c5a7f8\" data-element_type=\"section\" data-settings=\"{&quot;jet_parallax_layout_list&quot;:[]}\">\n\t\t\t\t\t\t<div class=\"elementor-container elementor-column-gap-default\">\n\t\t\t\t\t<div class=\"elementor-column elementor-col-100 elementor-top-column elementor-element elementor-element-c7e623f\" data-id=\"c7e623f\" data-element_type=\"column\">\n\t\t\t<div class=\"elementor-widget-wrap elementor-element-populated\">\n\t\t\t\t\t\t<section class=\"elementor-section elementor-inner-section elementor-element elementor-element-c041a73 elementor-section-boxed elementor-section-height-default elementor-section-height-default\" data-id=\"c041a73\" data-element_type=\"section\" data-settings=\"{&quot;jet_parallax_layout_list&quot;:[]}\">\n\t\t\t\t\t\t<div class=\"elementor-container elementor-column-gap-default\">\n\t\t\t\t\t<div class=\"elementor-column elementor-col-33 elementor-inner-column elementor-element elementor-element-2d68a23\" data-id=\"2d68a23\" data-element_type=\"column\">\n\t\t\t<div class=\"elementor-widget-wrap elementor-element-populated\">\n\t\t\t\t\t\t<div class=\"elementor-element elementor-element-77e007b elementor-widget__width-initial elementor-widget elementor-widget-text-editor\" data-id=\"77e007b\" data-element_type=\"widget\" data-widget_type=\"text-editor.default\">\n\t\t\t\t<div class=\"elementor-widget-container\">\n\t\t\t\t\t\t\t\t\t<p>OT\u0130AD TV, tekstil ve haz\u0131r giyim sekt\u00f6r\u00fcn\u00fc y\u00fczeysel s\u00f6ylemlerle de\u011fil, ger\u00e7ek meseleleriyle ele alan g\u00fc\u00e7l\u00fc bir yay\u0131n platformudur. Burada sadece ba\u015far\u0131 hik\u00e2yeleri anlat\u0131lmaz; d\u00f6n\u00fc\u015f\u00fcm, rekabet, \u00fcretim, ihracat, markala\u015fma, s\u00fcrd\u00fcr\u00fclebilirlik ve teknoloji ekseninde sekt\u00f6r\u00fcn \u00f6n\u00fcndeki f\u0131rsatlar ve tehditler a\u00e7\u0131k bi\u00e7imde konu\u015fulur. OT\u0130AD TV\u2019nin amac\u0131 nettir: sekt\u00f6r\u00fc oyalayan de\u011fil, ileri ta\u015f\u0131yan bir yay\u0131n dili kurmak.<\/p>\t\t\t\t\t\t\t\t<\/div>\n\t\t\t\t<\/div>\n\t\t\t\t\t<\/div>\n\t\t<\/div>\n\t\t\t\t<div class=\"elementor-column elementor-col-33 elementor-inner-column elementor-element elementor-element-6b99d09\" data-id=\"6b99d09\" data-element_type=\"column\">\n\t\t\t<div class=\"elementor-widget-wrap elementor-element-populated\">\n\t\t\t\t\t\t<div class=\"elementor-element elementor-element-f979611 elementor-widget elementor-widget-image\" data-id=\"f979611\" data-element_type=\"widget\" data-widget_type=\"image.default\">\n\t\t\t\t<div class=\"elementor-widget-container\">\n\t\t\t\t\t\t\t\t\t\t\t\t\t\t\t<img fetchpriority=\"high\" decoding=\"async\" width=\"1181\" height=\"837\" src=\"https:\/\/www.otiad.org.tr\/wp-content\/uploads\/2026\/04\/otiadtv-logo-1-kopya-1.jpg\" class=\"attachment-2048x2048 size-2048x2048 wp-image-8466\" alt=\"\" srcset=\"https:\/\/www.otiad.org.tr\/wp-content\/uploads\/2026\/04\/otiadtv-logo-1-kopya-1.jpg 1181w, https:\/\/www.otiad.org.tr\/wp-content\/uploads\/2026\/04\/otiadtv-logo-1-kopya-1-300x213.jpg 300w, https:\/\/www.otiad.org.tr\/wp-content\/uploads\/2026\/04\/otiadtv-logo-1-kopya-1-1024x726.jpg 1024w, https:\/\/www.otiad.org.tr\/wp-content\/uploads\/2026\/04\/otiadtv-logo-1-kopya-1-768x544.jpg 768w, https:\/\/www.otiad.org.tr\/wp-content\/uploads\/2026\/04\/otiadtv-logo-1-kopya-1-18x12.jpg 18w, https:\/\/www.otiad.org.tr\/wp-content\/uploads\/2026\/04\/otiadtv-logo-1-kopya-1-360x255.jpg 360w, https:\/\/www.otiad.org.tr\/wp-content\/uploads\/2026\/04\/otiadtv-logo-1-kopya-1-373x264.jpg 373w, https:\/\/www.otiad.org.tr\/wp-content\/uploads\/2026\/04\/otiadtv-logo-1-kopya-1-620x439.jpg 620w, https:\/\/www.otiad.org.tr\/wp-content\/uploads\/2026\/04\/otiadtv-logo-1-kopya-1-460x326.jpg 460w, https:\/\/www.otiad.org.tr\/wp-content\/uploads\/2026\/04\/otiadtv-logo-1-kopya-1-365x259.jpg 365w, https:\/\/www.otiad.org.tr\/wp-content\/uploads\/2026\/04\/otiadtv-logo-1-kopya-1-370x262.jpg 370w, https:\/\/www.otiad.org.tr\/wp-content\/uploads\/2026\/04\/otiadtv-logo-1-kopya-1-760x539.jpg 760w, https:\/\/www.otiad.org.tr\/wp-content\/uploads\/2026\/04\/otiadtv-logo-1-kopya-1-200x142.jpg 200w\" sizes=\"(max-width: 1181px) 100vw, 1181px\" \/>\t\t\t\t\t\t\t\t\t\t\t\t\t\t\t<\/div>\n\t\t\t\t<\/div>\n\t\t\t\t\t<\/div>\n\t\t<\/div>\n\t\t\t\t<div class=\"elementor-column elementor-col-33 elementor-inner-column elementor-element elementor-element-4c62f1f\" data-id=\"4c62f1f\" data-element_type=\"column\">\n\t\t\t<div class=\"elementor-widget-wrap elementor-element-populated\">\n\t\t\t\t\t\t<div class=\"elementor-element elementor-element-c89f855 elementor-widget elementor-widget-text-editor\" data-id=\"c89f855\" data-element_type=\"widget\" data-widget_type=\"text-editor.default\">\n\t\t\t\t<div class=\"elementor-widget-container\">\n\t\t\t\t\t\t\t\t\t<p>OT\u0130AD TV, yaln\u0131zca izlenen bir kanal de\u011fil; d\u00fc\u015f\u00fcnmeye, sorgulamaya ve birlikte geli\u015fmeye davet eden bir k\u00fcrs\u00fcd\u00fcr. Sekt\u00f6r\u00fcn i\u00e7indeyseniz, gelece\u011fi ciddiye al\u0131yorsan\u0131z ve laf kalabal\u0131\u011f\u0131 de\u011fil ger\u00e7ek de\u011fer ar\u0131yorsan\u0131z, do\u011fru yerdesiniz. Kanal\u0131m\u0131za abone olun, yay\u0131nlar\u0131m\u0131z\u0131 takip edin, g\u00f6r\u00fc\u015flerinizi payla\u015f\u0131n; \u00e7\u00fcnk\u00fc g\u00fc\u00e7l\u00fc sekt\u00f6rler, g\u00fc\u00e7l\u00fc fikirlerle ve a\u00e7\u0131k diyalogla in\u015fa edilir.<\/p>\t\t\t\t\t\t\t\t<\/div>\n\t\t\t\t<\/div>\n\t\t\t\t\t<\/div>\n\t\t<\/div>\n\t\t\t\t\t<\/div>\n\t\t<\/section>\n\t\t\t\t<div class=\"elementor-element elementor-element-639e6b4 elementor-widget elementor-widget-text-editor\" data-id=\"639e6b4\" data-element_type=\"widget\" data-widget_type=\"text-editor.default\">\n\t\t\t\t<div class=\"elementor-widget-container\">\n\t\t\t\t\t\t\t\t\t<p>Bu kanal; i\u015f insanlar\u0131n\u0131, uzmanlar\u0131, karar vericileri ve sahay\u0131 ger\u00e7ekten bilen isimleri bir araya getirerek, T\u00fcrkiye tekstil sekt\u00f6r\u00fcn\u00fcn bug\u00fcn\u00fcn\u00fc ve yar\u0131n\u0131n\u0131 kay\u0131t alt\u0131na al\u0131r. R\u00f6portajlardan \u00f6zel i\u00e7eriklere, analizlerden etkinlik yay\u0131nlar\u0131na kadar her i\u00e7erik; ortak akl\u0131 b\u00fcy\u00fctmek, yeni bak\u0131\u015f a\u00e7\u0131lar\u0131 \u00fcretmek ve sekt\u00f6re y\u00f6n verecek d\u00fc\u015f\u00fcnsel zemini g\u00fc\u00e7lendirmek i\u00e7in haz\u0131rlan\u0131r. \u00c7\u00fcnk\u00fc d\u00fcnya de\u011fi\u015firken eski ezberlere s\u0131\u011f\u0131nanlar de\u011fil, yeniyi do\u011fru okuyanlar ayakta kal\u0131r.<\/p>\t\t\t\t\t\t\t\t<\/div>\n\t\t\t\t<\/div>\n\t\t\t\t<section class=\"elementor-section elementor-inner-section elementor-element elementor-element-17a90e4 elementor-section-boxed elementor-section-height-default elementor-section-height-default\" data-id=\"17a90e4\" data-element_type=\"section\" data-settings=\"{&quot;jet_parallax_layout_list&quot;:[]}\">\n\t\t\t\t\t\t<div class=\"elementor-container elementor-column-gap-default\">\n\t\t\t\t\t<div class=\"elementor-column elementor-col-50 elementor-inner-column elementor-element elementor-element-a3a9f92\" data-id=\"a3a9f92\" data-element_type=\"column\">\n\t\t\t<div class=\"elementor-widget-wrap elementor-element-populated\">\n\t\t\t\t\t\t<div class=\"elementor-element elementor-element-31d2b92 elementor-widget elementor-widget-video\" data-id=\"31d2b92\" data-element_type=\"widget\" data-settings=\"{&quot;youtube_url&quot;:&quot;https:\\\/\\\/youtu.be\\\/qPbNj14zhuI?si=71LVW49OfIR_eJ5o&quot;,&quot;video_type&quot;:&quot;youtube&quot;,&quot;controls&quot;:&quot;yes&quot;}\" data-widget_type=\"video.default\">\n\t\t\t\t<div class=\"elementor-widget-container\">\n\t\t\t\t\t\t\t<div class=\"elementor-wrapper elementor-open-inline\">\n\t\t\t<div class=\"elementor-video\"><\/div>\t\t<\/div>\n\t\t\t\t\t\t<\/div>\n\t\t\t\t<\/div>\n\t\t\t\t\t<\/div>\n\t\t<\/div>\n\t\t\t\t<div class=\"elementor-column elementor-col-50 elementor-inner-column elementor-element elementor-element-9e5c5e8\" data-id=\"9e5c5e8\" data-element_type=\"column\">\n\t\t\t<div class=\"elementor-widget-wrap elementor-element-populated\">\n\t\t\t\t\t\t<div class=\"elementor-element elementor-element-bb38fd9 elementor-widget elementor-widget-video\" data-id=\"bb38fd9\" data-element_type=\"widget\" data-settings=\"{&quot;youtube_url&quot;:&quot;https:\\\/\\\/youtu.be\\\/hri5ZMY9tPo?si=mvaugzlVzaDwy6Bt&quot;,&quot;video_type&quot;:&quot;youtube&quot;,&quot;controls&quot;:&quot;yes&quot;}\" data-widget_type=\"video.default\">\n\t\t\t\t<div class=\"elementor-widget-container\">\n\t\t\t\t\t\t\t<div class=\"elementor-wrapper elementor-open-inline\">\n\t\t\t<div class=\"elementor-video\"><\/div>\t\t<\/div>\n\t\t\t\t\t\t<\/div>\n\t\t\t\t<\/div>\n\t\t\t\t\t<\/div>\n\t\t<\/div>\n\t\t\t\t\t<\/div>\n\t\t<\/section>\n\t\t\t\t\t<\/div>\n\t\t<\/div>\n\t\t\t\t\t<\/div>\n\t\t<\/section>\n\t\t\t\t<section class=\"elementor-section elementor-top-section elementor-element elementor-element-abd2c71 elementor-section-boxed elementor-section-height-default elementor-section-height-default\" data-id=\"abd2c71\" data-element_type=\"section\" data-settings=\"{&quot;jet_parallax_layout_list&quot;:[]}\">\n\t\t\t\t\t\t<div class=\"elementor-container elementor-column-gap-default\">\n\t\t\t\t\t<div class=\"elementor-column elementor-col-100 elementor-top-column elementor-element elementor-element-6cb6fe8\" data-id=\"6cb6fe8\" data-element_type=\"column\">\n\t\t\t<div class=\"elementor-widget-wrap elementor-element-populated\">\n\t\t\t\t\t\t<section class=\"elementor-section elementor-inner-section elementor-element elementor-element-6b1d6d5 elementor-section-boxed elementor-section-height-default elementor-section-height-default\" data-id=\"6b1d6d5\" data-element_type=\"section\" data-settings=\"{&quot;jet_parallax_layout_list&quot;:[]}\">\n\t\t\t\t\t\t<div class=\"elementor-container elementor-column-gap-default\">\n\t\t\t\t\t<div class=\"elementor-column elementor-col-50 elementor-inner-column elementor-element elementor-element-81c642c\" data-id=\"81c642c\" data-element_type=\"column\">\n\t\t\t<div class=\"elementor-widget-wrap elementor-element-populated\">\n\t\t\t\t\t\t<div class=\"elementor-element elementor-element-2a89624 elementor-widget elementor-widget-video\" data-id=\"2a89624\" data-element_type=\"widget\" data-settings=\"{&quot;youtube_url&quot;:&quot;https:\\\/\\\/youtu.be\\\/dbKB6fLC9Xg?si=ABKr8RUVk98P_Hm0&quot;,&quot;video_type&quot;:&quot;youtube&quot;,&quot;controls&quot;:&quot;yes&quot;}\" data-widget_type=\"video.default\">\n\t\t\t\t<div class=\"elementor-widget-container\">\n\t\t\t\t\t\t\t<div class=\"elementor-wrapper elementor-open-inline\">\n\t\t\t<div class=\"elementor-video\"><\/div>\t\t<\/div>\n\t\t\t\t\t\t<\/div>\n\t\t\t\t<\/div>\n\t\t\t\t\t<\/div>\n\t\t<\/div>\n\t\t\t\t<div class=\"elementor-column elementor-col-50 elementor-inner-column elementor-element elementor-element-26bf85e\" data-id=\"26bf85e\" data-element_type=\"column\">\n\t\t\t<div class=\"elementor-widget-wrap elementor-element-populated\">\n\t\t\t\t\t\t<div class=\"elementor-element elementor-element-1c126c4 elementor-widget elementor-widget-video\" data-id=\"1c126c4\" data-element_type=\"widget\" data-settings=\"{&quot;youtube_url&quot;:&quot;https:\\\/\\\/youtu.be\\\/rGWYM1_Bj1w?si=8M2VsvG2Aq8j66SG&quot;,&quot;video_type&quot;:&quot;youtube&quot;,&quot;controls&quot;:&quot;yes&quot;}\" data-widget_type=\"video.default\">\n\t\t\t\t<div class=\"elementor-widget-container\">\n\t\t\t\t\t\t\t<div class=\"elementor-wrapper elementor-open-inline\">\n\t\t\t<div class=\"elementor-video\"><\/div>\t\t<\/div>\n\t\t\t\t\t\t<\/div>\n\t\t\t\t<\/div>\n\t\t\t\t\t<\/div>\n\t\t<\/div>\n\t\t\t\t\t<\/div>\n\t\t<\/section>\n\t\t\t\t\t<\/div>\n\t\t<\/div>\n\t\t\t\t\t<\/div>\n\t\t<\/section>\n\t\t\t\t<section class=\"elementor-section elementor-top-section elementor-element elementor-element-efd8d6e elementor-section-boxed elementor-section-height-default elementor-section-height-default\" data-id=\"efd8d6e\" data-element_type=\"section\" data-settings=\"{&quot;jet_parallax_layout_list&quot;:[]}\">\n\t\t\t\t\t\t<div class=\"elementor-container elementor-column-gap-default\">\n\t\t\t\t\t<div class=\"elementor-column elementor-col-100 elementor-top-column elementor-element elementor-element-2688f5f\" data-id=\"2688f5f\" data-element_type=\"column\">\n\t\t\t<div class=\"elementor-widget-wrap elementor-element-populated\">\n\t\t\t\t\t\t<section class=\"elementor-section elementor-inner-section elementor-element elementor-element-0717488 elementor-section-boxed elementor-section-height-default elementor-section-height-default\" data-id=\"0717488\" data-element_type=\"section\" data-settings=\"{&quot;jet_parallax_layout_list&quot;:[]}\">\n\t\t\t\t\t\t<div class=\"elementor-container elementor-column-gap-default\">\n\t\t\t\t\t<div class=\"elementor-column elementor-col-50 elementor-inner-column elementor-element elementor-element-85d1298\" data-id=\"85d1298\" data-element_type=\"column\">\n\t\t\t<div class=\"elementor-widget-wrap elementor-element-populated\">\n\t\t\t\t\t\t<div class=\"elementor-element elementor-element-e09b5b8 elementor-widget elementor-widget-video\" data-id=\"e09b5b8\" data-element_type=\"widget\" data-settings=\"{&quot;youtube_url&quot;:&quot;https:\\\/\\\/youtu.be\\\/9hYQ4jGTwmY?si=GmN99VyX0VNg5Gt6&quot;,&quot;video_type&quot;:&quot;youtube&quot;,&quot;controls&quot;:&quot;yes&quot;}\" data-widget_type=\"video.default\">\n\t\t\t\t<div class=\"elementor-widget-container\">\n\t\t\t\t\t\t\t<div class=\"elementor-wrapper elementor-open-inline\">\n\t\t\t<div class=\"elementor-video\"><\/div>\t\t<\/div>\n\t\t\t\t\t\t<\/div>\n\t\t\t\t<\/div>\n\t\t\t\t\t<\/div>\n\t\t<\/div>\n\t\t\t\t<div class=\"elementor-column elementor-col-50 elementor-inner-column elementor-element elementor-element-8914ba0\" data-id=\"8914ba0\" data-element_type=\"column\">\n\t\t\t<div class=\"elementor-widget-wrap elementor-element-populated\">\n\t\t\t\t\t\t<div class=\"elementor-element elementor-element-f4201b1 elementor-widget elementor-widget-video\" data-id=\"f4201b1\" data-element_type=\"widget\" data-settings=\"{&quot;youtube_url&quot;:&quot;https:\\\/\\\/youtu.be\\\/1YDCDvqAamo?si=tYhrTt8_0Z9p3pBB&quot;,&quot;video_type&quot;:&quot;youtube&quot;,&quot;controls&quot;:&quot;yes&quot;}\" data-widget_type=\"video.default\">\n\t\t\t\t<div class=\"elementor-widget-container\">\n\t\t\t\t\t\t\t<div class=\"elementor-wrapper elementor-open-inline\">\n\t\t\t<div class=\"elementor-video\"><\/div>\t\t<\/div>\n\t\t\t\t\t\t<\/div>\n\t\t\t\t<\/div>\n\t\t\t\t\t<\/div>\n\t\t<\/div>\n\t\t\t\t\t<\/div>\n\t\t<\/section>\n\t\t\t\t\t<\/div>\n\t\t<\/div>\n\t\t\t\t\t<\/div>\n\t\t<\/section>\n\t\t\t\t<section class=\"elementor-section elementor-top-section elementor-element elementor-element-e5ad8a9 elementor-section-boxed elementor-section-height-default elementor-section-height-default\" data-id=\"e5ad8a9\" data-element_type=\"section\" data-settings=\"{&quot;jet_parallax_layout_list&quot;:[]}\">\n\t\t\t\t\t\t<div class=\"elementor-container elementor-column-gap-default\">\n\t\t\t\t\t<div class=\"elementor-column elementor-col-100 elementor-top-column elementor-element elementor-element-20058f0\" data-id=\"20058f0\" data-element_type=\"column\">\n\t\t\t<div class=\"elementor-widget-wrap elementor-element-populated\">\n\t\t\t\t\t\t<section class=\"elementor-section elementor-inner-section elementor-element elementor-element-e6f697f elementor-section-boxed elementor-section-height-default elementor-section-height-default\" data-id=\"e6f697f\" data-element_type=\"section\" data-settings=\"{&quot;jet_parallax_layout_list&quot;:[]}\">\n\t\t\t\t\t\t<div class=\"elementor-container elementor-column-gap-default\">\n\t\t\t\t\t<div class=\"elementor-column elementor-col-50 elementor-inner-column elementor-element elementor-element-c518913\" data-id=\"c518913\" data-element_type=\"column\">\n\t\t\t<div class=\"elementor-widget-wrap elementor-element-populated\">\n\t\t\t\t\t\t<div class=\"elementor-element elementor-element-84be60f elementor-widget elementor-widget-video\" data-id=\"84be60f\" data-element_type=\"widget\" data-settings=\"{&quot;youtube_url&quot;:&quot;https:\\\/\\\/youtu.be\\\/ChgEfM0_wc0?si=S-IQ2aNrNVHTdLVn&quot;,&quot;video_type&quot;:&quot;youtube&quot;,&quot;controls&quot;:&quot;yes&quot;}\" data-widget_type=\"video.default\">\n\t\t\t\t<div class=\"elementor-widget-container\">\n\t\t\t\t\t\t\t<div class=\"elementor-wrapper elementor-open-inline\">\n\t\t\t<div class=\"elementor-video\"><\/div>\t\t<\/div>\n\t\t\t\t\t\t<\/div>\n\t\t\t\t<\/div>\n\t\t\t\t\t<\/div>\n\t\t<\/div>\n\t\t\t\t<div class=\"elementor-column elementor-col-50 elementor-inner-column elementor-element elementor-element-fe1f1ec\" data-id=\"fe1f1ec\" data-element_type=\"column\">\n\t\t\t<div class=\"elementor-widget-wrap elementor-element-populated\">\n\t\t\t\t\t\t<div class=\"elementor-element elementor-element-c684903 elementor-widget elementor-widget-video\" data-id=\"c684903\" data-element_type=\"widget\" data-settings=\"{&quot;youtube_url&quot;:&quot;https:\\\/\\\/youtu.be\\\/Vyt875fxkIU?si=iPQRTADRz6mRP6BU&quot;,&quot;video_type&quot;:&quot;youtube&quot;,&quot;controls&quot;:&quot;yes&quot;}\" data-widget_type=\"video.default\">\n\t\t\t\t<div class=\"elementor-widget-container\">\n\t\t\t\t\t\t\t<div class=\"elementor-wrapper elementor-open-inline\">\n\t\t\t<div class=\"elementor-video\"><\/div>\t\t<\/div>\n\t\t\t\t\t\t<\/div>\n\t\t\t\t<\/div>\n\t\t\t\t\t<\/div>\n\t\t<\/div>\n\t\t\t\t\t<\/div>\n\t\t<\/section>\n\t\t\t\t\t<\/div>\n\t\t<\/div>\n\t\t\t\t\t<\/div>\n\t\t<\/section>\n\t\t\t\t<section class=\"elementor-section elementor-top-section elementor-element elementor-element-4e7aafc elementor-section-boxed elementor-section-height-default elementor-section-height-default\" data-id=\"4e7aafc\" data-element_type=\"section\" data-settings=\"{&quot;jet_parallax_layout_list&quot;:[]}\">\n\t\t\t\t\t\t<div class=\"elementor-container elementor-column-gap-default\">\n\t\t\t\t\t<div class=\"elementor-column elementor-col-100 elementor-top-column elementor-element elementor-element-18264ba\" data-id=\"18264ba\" data-element_type=\"column\">\n\t\t\t<div class=\"elementor-widget-wrap elementor-element-populated\">\n\t\t\t\t\t\t<section class=\"elementor-section elementor-inner-section elementor-element elementor-element-a94398a elementor-section-boxed elementor-section-height-default elementor-section-height-default\" data-id=\"a94398a\" data-element_type=\"section\" data-settings=\"{&quot;jet_parallax_layout_list&quot;:[]}\">\n\t\t\t\t\t\t<div class=\"elementor-container elementor-column-gap-default\">\n\t\t\t\t\t<div class=\"elementor-column elementor-col-25 elementor-inner-column elementor-element elementor-element-88de90d\" data-id=\"88de90d\" data-element_type=\"column\">\n\t\t\t<div class=\"elementor-widget-wrap elementor-element-populated\">\n\t\t\t\t\t\t<div class=\"elementor-element elementor-element-a01b1c3 elementor-widget elementor-widget-video\" data-id=\"a01b1c3\" data-element_type=\"widget\" data-settings=\"{&quot;youtube_url&quot;:&quot;https:\\\/\\\/youtu.be\\\/KB0dI5E5LPU?si=F_dCN_057TSLMS_B&quot;,&quot;video_type&quot;:&quot;youtube&quot;,&quot;controls&quot;:&quot;yes&quot;}\" data-widget_type=\"video.default\">\n\t\t\t\t<div class=\"elementor-widget-container\">\n\t\t\t\t\t\t\t<div class=\"elementor-wrapper elementor-open-inline\">\n\t\t\t<div class=\"elementor-video\"><\/div>\t\t<\/div>\n\t\t\t\t\t\t<\/div>\n\t\t\t\t<\/div>\n\t\t\t\t\t<\/div>\n\t\t<\/div>\n\t\t\t\t<div class=\"elementor-column elementor-col-25 elementor-inner-column elementor-element elementor-element-d82c68b\" data-id=\"d82c68b\" data-element_type=\"column\">\n\t\t\t<div class=\"elementor-widget-wrap elementor-element-populated\">\n\t\t\t\t\t\t<div class=\"elementor-element elementor-element-acfbaa1 elementor-widget elementor-widget-video\" data-id=\"acfbaa1\" data-element_type=\"widget\" data-settings=\"{&quot;youtube_url&quot;:&quot;https:\\\/\\\/youtu.be\\\/4deabAvYtnc?si=IGnBa3UhfvboSeqX&quot;,&quot;video_type&quot;:&quot;youtube&quot;,&quot;controls&quot;:&quot;yes&quot;}\" data-widget_type=\"video.default\">\n\t\t\t\t<div class=\"elementor-widget-container\">\n\t\t\t\t\t\t\t<div class=\"elementor-wrapper elementor-open-inline\">\n\t\t\t<div class=\"elementor-video\"><\/div>\t\t<\/div>\n\t\t\t\t\t\t<\/div>\n\t\t\t\t<\/div>\n\t\t\t\t\t<\/div>\n\t\t<\/div>\n\t\t\t\t<div class=\"elementor-column elementor-col-25 elementor-inner-column elementor-element elementor-element-7ebde66\" data-id=\"7ebde66\" data-element_type=\"column\">\n\t\t\t<div class=\"elementor-widget-wrap elementor-element-populated\">\n\t\t\t\t\t\t<div class=\"elementor-element elementor-element-451c497 elementor-widget elementor-widget-video\" data-id=\"451c497\" data-element_type=\"widget\" data-settings=\"{&quot;youtube_url&quot;:&quot;https:\\\/\\\/youtu.be\\\/8pSkEnbnGUs?si=tll5JVKa-eC52aII&quot;,&quot;video_type&quot;:&quot;youtube&quot;,&quot;controls&quot;:&quot;yes&quot;}\" data-widget_type=\"video.default\">\n\t\t\t\t<div class=\"elementor-widget-container\">\n\t\t\t\t\t\t\t<div class=\"elementor-wrapper elementor-open-inline\">\n\t\t\t<div class=\"elementor-video\"><\/div>\t\t<\/div>\n\t\t\t\t\t\t<\/div>\n\t\t\t\t<\/div>\n\t\t\t\t\t<\/div>\n\t\t<\/div>\n\t\t\t\t<div class=\"elementor-column elementor-col-25 elementor-inner-column elementor-element elementor-element-1edfe53\" data-id=\"1edfe53\" data-element_type=\"column\">\n\t\t\t<div class=\"elementor-widget-wrap elementor-element-populated\">\n\t\t\t\t\t\t<div class=\"elementor-element elementor-element-bde8291 elementor-widget elementor-widget-video\" data-id=\"bde8291\" data-element_type=\"widget\" data-settings=\"{&quot;youtube_url&quot;:&quot;https:\\\/\\\/youtu.be\\\/eRTLVlhjVb4?si=E9KMW4i6d2jCWkg-&quot;,&quot;video_type&quot;:&quot;youtube&quot;,&quot;controls&quot;:&quot;yes&quot;}\" data-widget_type=\"video.default\">\n\t\t\t\t<div class=\"elementor-widget-container\">\n\t\t\t\t\t\t\t<div class=\"elementor-wrapper elementor-open-inline\">\n\t\t\t<div class=\"elementor-video\"><\/div>\t\t<\/div>\n\t\t\t\t\t\t<\/div>\n\t\t\t\t<\/div>\n\t\t\t\t\t<\/div>\n\t\t<\/div>\n\t\t\t\t\t<\/div>\n\t\t<\/section>\n\t\t\t\t<div class=\"elementor-element elementor-element-62c7d9e elementor-widget elementor-widget-video\" data-id=\"62c7d9e\" data-element_type=\"widget\" data-settings=\"{&quot;youtube_url&quot;:&quot;https:\\\/\\\/www.youtube.com\\\/watch?v=0Gs0lC1KbhI&amp;t=21s&quot;,&quot;video_type&quot;:&quot;youtube&quot;,&quot;controls&quot;:&quot;yes&quot;}\" data-widget_type=\"video.default\">\n\t\t\t\t<div class=\"elementor-widget-container\">\n\t\t\t\t\t\t\t<div class=\"elementor-wrapper elementor-open-inline\">\n\t\t\t<div class=\"elementor-video\"><\/div>\t\t<\/div>\n\t\t\t\t\t\t<\/div>\n\t\t\t\t<\/div>\n\t\t\t\t<section class=\"elementor-section elementor-inner-section elementor-element elementor-element-caccc91 elementor-section-boxed elementor-section-height-default elementor-section-height-default\" data-id=\"caccc91\" data-element_type=\"section\" data-settings=\"{&quot;jet_parallax_layout_list&quot;:[]}\">\n\t\t\t\t\t\t<div class=\"elementor-container elementor-column-gap-default\">\n\t\t\t\t\t<div class=\"elementor-column elementor-col-50 elementor-inner-column elementor-element elementor-element-84ef578\" data-id=\"84ef578\" data-element_type=\"column\">\n\t\t\t<div class=\"elementor-widget-wrap elementor-element-populated\">\n\t\t\t\t\t\t<div class=\"elementor-element elementor-element-39f8cec elementor-widget elementor-widget-video\" data-id=\"39f8cec\" data-element_type=\"widget\" data-settings=\"{&quot;youtube_url&quot;:&quot;https:\\\/\\\/youtu.be\\\/b_TCFKpMXMU?si=D9CPtUOBB23Tz-1o&quot;,&quot;video_type&quot;:&quot;youtube&quot;,&quot;controls&quot;:&quot;yes&quot;}\" data-widget_type=\"video.default\">\n\t\t\t\t<div class=\"elementor-widget-container\">\n\t\t\t\t\t\t\t<div class=\"elementor-wrapper elementor-open-inline\">\n\t\t\t<div class=\"elementor-video\"><\/div>\t\t<\/div>\n\t\t\t\t\t\t<\/div>\n\t\t\t\t<\/div>\n\t\t\t\t\t<\/div>\n\t\t<\/div>\n\t\t\t\t<div class=\"elementor-column elementor-col-50 elementor-inner-column elementor-element elementor-element-4cb2263\" data-id=\"4cb2263\" data-element_type=\"column\">\n\t\t\t<div class=\"elementor-widget-wrap elementor-element-populated\">\n\t\t\t\t\t\t<div class=\"elementor-element elementor-element-7e975bd elementor-widget elementor-widget-video\" data-id=\"7e975bd\" data-element_type=\"widget\" data-settings=\"{&quot;youtube_url&quot;:&quot;https:\\\/\\\/youtu.be\\\/h7qAOLPwklA?si=A8JoSVyk9LW-vo3X&quot;,&quot;video_type&quot;:&quot;youtube&quot;,&quot;controls&quot;:&quot;yes&quot;}\" data-widget_type=\"video.default\">\n\t\t\t\t<div class=\"elementor-widget-container\">\n\t\t\t\t\t\t\t<div class=\"elementor-wrapper elementor-open-inline\">\n\t\t\t<div class=\"elementor-video\"><\/div>\t\t<\/div>\n\t\t\t\t\t\t<\/div>\n\t\t\t\t<\/div>\n\t\t\t\t\t<\/div>\n\t\t<\/div>\n\t\t\t\t\t<\/div>\n\t\t<\/section>\n\t\t\t\t\t<\/div>\n\t\t<\/div>\n\t\t\t\t\t<\/div>\n\t\t<\/section>\n\t\t\t\t<\/div>","protected":false},"excerpt":{"rendered":"<p class=\"tx-excerpt\">OT\u0130AD TV, tekstil ve haz\u0131r giyim sekt\u00f6r\u00fcn\u00fc y\u00fczeysel s\u00f6ylemlerle de\u011fil, ger\u00e7ek meseleleriyle ele alan g\u00fc\u00e7l\u00fc bir yay\u0131n platformudur. Burada sadece ba\u015far\u0131 hik\u00e2yeleri anlat\u0131lmaz; d\u00f6n\u00fc\u015f\u00fcm, rekabet, \u00fcretim, ihracat, markala\u015fma, s\u00fcrd\u00fcr\u00fclebilirlik ve [&hellip;]\n<\/p>","protected":false},"author":990005,"featured_media":8466,"parent":0,"menu_order":0,"comment_status":"closed","ping_status":"closed","template":"","meta":{"footnotes":""},"class_list":["post-8464","page","type-page","status-publish","has-post-thumbnail","hentry"],"_links":{"self":[{"href":"https:\/\/www.otiad.org.tr\/ar\/wp-json\/wp\/v2\/pages\/8464","targetHints":{"allow":["GET"]}}],"collection":[{"href":"https:\/\/www.otiad.org.tr\/ar\/wp-json\/wp\/v2\/pages"}],"about":[{"href":"https:\/\/www.otiad.org.tr\/ar\/wp-json\/wp\/v2\/types\/page"}],"author":[{"embeddable":true,"href":"https:\/\/www.otiad.org.tr\/ar\/wp-json\/wp\/v2\/users\/990005"}],"replies":[{"embeddable":true,"href":"https:\/\/www.otiad.org.tr\/ar\/wp-json\/wp\/v2\/comments?post=8464"}],"version-history":[{"count":4,"href":"https:\/\/www.otiad.org.tr\/ar\/wp-json\/wp\/v2\/pages\/8464\/revisions"}],"predecessor-version":[{"id":8469,"href":"https:\/\/www.otiad.org.tr\/ar\/wp-json\/wp\/v2\/pages\/8464\/revisions\/8469"}],"wp:featuredmedia":[{"embeddable":true,"href":"https:\/\/www.otiad.org.tr\/ar\/wp-json\/wp\/v2\/media\/8466"}],"wp:attachment":[{"href":"https:\/\/www.otiad.org.tr\/ar\/wp-json\/wp\/v2\/media?parent=8464"}],"curies":[{"name":"wp","href":"https:\/\/api.w.org\/{rel}","templated":true}]}}