{"id":2705,"date":"2023-06-13T11:21:34","date_gmt":"2023-06-13T08:21:34","guid":{"rendered":"https:\/\/www.otiad.org.tr\/?page_id=2705"},"modified":"2023-08-02T20:11:17","modified_gmt":"2023-08-02T17:11:17","slug":"%d8%a7%d9%84%d8%b9%d8%b6%d9%88%d9%8a%d8%a9","status":"publish","type":"page","link":"https:\/\/www.otiad.org.tr\/ar\/%d8%a7%d9%84%d8%b9%d8%b6%d9%88%d9%8a%d8%a9\/","title":{"rendered":"\u0627\u0644\u0639\u0636\u0648\u064a\u0629"},"content":{"rendered":"<div data-elementor-type=\"wp-page\" data-elementor-id=\"2705\" class=\"elementor elementor-2705\" data-elementor-post-type=\"page\">\n\t\t\t\t\t\t<section class=\"elementor-section elementor-top-section elementor-element elementor-element-12c4dab elementor-section-boxed elementor-section-height-default elementor-section-height-default\" data-id=\"12c4dab\" data-element_type=\"section\" data-settings=\"{&quot;jet_parallax_layout_list&quot;:[]}\">\n\t\t\t\t\t\t<div class=\"elementor-container elementor-column-gap-default\">\n\t\t\t\t\t<div class=\"elementor-column elementor-col-100 elementor-top-column elementor-element elementor-element-4db42a7\" data-id=\"4db42a7\" data-element_type=\"column\">\n\t\t\t<div class=\"elementor-widget-wrap elementor-element-populated\">\n\t\t\t\t\t\t<div class=\"elementor-element elementor-element-00316c9 elementor-widget elementor-widget-image\" data-id=\"00316c9\" data-element_type=\"widget\" data-widget_type=\"image.default\">\n\t\t\t\t<div class=\"elementor-widget-container\">\n\t\t\t\t\t\t\t\t\t\t\t\t\t\t\t<img fetchpriority=\"high\" decoding=\"async\" width=\"1000\" height=\"450\" src=\"https:\/\/www.otiad.org.tr\/wp-content\/uploads\/2023\/06\/uyelik.jpg\" class=\"attachment-large size-large wp-image-2706\" alt=\"\" srcset=\"https:\/\/www.otiad.org.tr\/wp-content\/uploads\/2023\/06\/uyelik.jpg 1000w, https:\/\/www.otiad.org.tr\/wp-content\/uploads\/2023\/06\/uyelik-300x135.jpg 300w, https:\/\/www.otiad.org.tr\/wp-content\/uploads\/2023\/06\/uyelik-768x346.jpg 768w, https:\/\/www.otiad.org.tr\/wp-content\/uploads\/2023\/06\/uyelik-370x167.jpg 370w, https:\/\/www.otiad.org.tr\/wp-content\/uploads\/2023\/06\/uyelik-760x342.jpg 760w, https:\/\/www.otiad.org.tr\/wp-content\/uploads\/2023\/06\/uyelik-200x90.jpg 200w\" sizes=\"(max-width: 1000px) 100vw, 1000px\" \/>\t\t\t\t\t\t\t\t\t\t\t\t\t\t\t<\/div>\n\t\t\t\t<\/div>\n\t\t\t\t\t<\/div>\n\t\t<\/div>\n\t\t\t\t\t<\/div>\n\t\t<\/section>\n\t\t\t\t<section class=\"elementor-section elementor-top-section elementor-element elementor-element-a1c9e92 elementor-section-boxed elementor-section-height-default elementor-section-height-default\" data-id=\"a1c9e92\" data-element_type=\"section\" data-settings=\"{&quot;jet_parallax_layout_list&quot;:[]}\">\n\t\t\t\t\t\t<div class=\"elementor-container elementor-column-gap-default\">\n\t\t\t\t\t<div class=\"elementor-column elementor-col-100 elementor-top-column elementor-element elementor-element-3f38921\" data-id=\"3f38921\" data-element_type=\"column\">\n\t\t\t<div class=\"elementor-widget-wrap elementor-element-populated\">\n\t\t\t\t\t\t<div class=\"elementor-element elementor-element-aafa356 elementor-widget elementor-widget-text-editor\" data-id=\"aafa356\" data-element_type=\"widget\" data-widget_type=\"text-editor.default\">\n\t\t\t\t<div class=\"elementor-widget-container\">\n\t\t\t\t\t\t\t\t\t<p>\u0625\u0630\u0627 \u0643\u0646\u062a \u062a\u0631\u063a\u0628 \u0641\u064a \u0623\u0646 \u062a\u0635\u0628\u062d \u0639\u0636\u0648\u0627\u064b \u0641\u064a \u0645\u0646\u0638\u0645\u0629 OT\u0130AD\u060c \u0648\u0627\u0644\u062a\u064a \u062a\u062a\u064a\u062d \u0644\u0643 \u0641\u0631\u0635\u0629 \u0625\u062c\u0631\u0627\u0621 \u062f\u0631\u0627\u0633\u0627\u062a \u0645\u062a\u0632\u0627\u0645\u0646\u0629 \u0645\u0639 \u0627\u0644\u0639\u062f\u064a\u062f \u0645\u0646 \u0631\u062c\u0627\u0644 \u0627\u0644\u0623\u0639\u0645\u0627\u0644 \u0627\u0644\u0646\u0627\u062c\u062d\u064a\u0646\u060c \u064a\u0645\u0643\u0646\u0643 \u0627\u0644\u062a\u0642\u062f\u0645 \u0628\u0637\u0644\u0628\u0643 \u0639\u0646 \u0637\u0631\u064a\u0642 \u0645\u0644\u0621 \u0627\u0644\u0646\u0645\u0648\u0630\u062c \u0627\u0644\u0630\u064a \u0633\u062a\u0642\u0648\u0645 \u0628\u062a\u0646\u0632\u064a\u0644\u0647 \u0639\u0644\u0649 \u062c\u0647\u0627\u0632 \u0627\u0644\u0643\u0645\u0628\u064a\u0648\u062a\u0631 \u0627\u0644\u062e\u0627\u0635 \u0628\u0643 \u0639\u0628\u0631 \u0627\u0644\u0632\u0631 \u0623\u062f\u0646\u0627\u0647.<\/p>\n<p>\u0628\u0639\u062f \u0627\u0633\u062a\u0643\u0645\u0627\u0644 \u0627\u0644\u0646\u0645\u0648\u0630\u062c \u0648\u0627\u0644\u062a\u0648\u0642\u064a\u0639 \u0639\u0644\u064a\u0647\u060c \u064a\u0645\u0643\u0646\u0643 \u0625\u0631\u0633\u0627\u0644 \u0646\u0633\u062e\u0629 \u0645\u0646\u0647 \u0625\u0644\u0649 \u0639\u0646\u0648\u0627\u0646 \u0628\u0631\u064a\u062f\u0646\u0627 \u0627\u0644\u0625\u0644\u0643\u062a\u0631\u0648\u0646\u064a otiad@otiad.org.tr.<\/p>\t\t\t\t\t\t\t\t<\/div>\n\t\t\t\t<\/div>\n\t\t\t\t\t<\/div>\n\t\t<\/div>\n\t\t\t\t\t<\/div>\n\t\t<\/section>\n\t\t\t\t<section class=\"elementor-section elementor-top-section elementor-element elementor-element-416981c elementor-section-boxed elementor-section-height-default elementor-section-height-default\" data-id=\"416981c\" data-element_type=\"section\" data-settings=\"{&quot;jet_parallax_layout_list&quot;:[]}\">\n\t\t\t\t\t\t<div class=\"elementor-container elementor-column-gap-default\">\n\t\t\t\t\t<div class=\"elementor-column elementor-col-100 elementor-top-column elementor-element elementor-element-06038ce\" data-id=\"06038ce\" data-element_type=\"column\">\n\t\t\t<div class=\"elementor-widget-wrap elementor-element-populated\">\n\t\t\t\t\t\t<div class=\"elementor-element elementor-element-0e00d58 elementor-widget-divider--view-line elementor-widget elementor-widget-divider\" data-id=\"0e00d58\" data-element_type=\"widget\" data-widget_type=\"divider.default\">\n\t\t\t\t<div class=\"elementor-widget-container\">\n\t\t\t\t\t\t\t<div class=\"elementor-divider\">\n\t\t\t<span class=\"elementor-divider-separator\">\n\t\t\t\t\t\t<\/span>\n\t\t<\/div>\n\t\t\t\t\t\t<\/div>\n\t\t\t\t<\/div>\n\t\t\t\t\t<\/div>\n\t\t<\/div>\n\t\t\t\t\t<\/div>\n\t\t<\/section>\n\t\t\t\t<section class=\"elementor-section elementor-top-section elementor-element elementor-element-5943e3e elementor-section-boxed elementor-section-height-default elementor-section-height-default\" data-id=\"5943e3e\" data-element_type=\"section\" data-settings=\"{&quot;jet_parallax_layout_list&quot;:[]}\">\n\t\t\t\t\t\t<div class=\"elementor-container elementor-column-gap-default\">\n\t\t\t\t\t<div class=\"elementor-column elementor-col-100 elementor-top-column elementor-element elementor-element-bb1685f\" data-id=\"bb1685f\" data-element_type=\"column\">\n\t\t\t<div class=\"elementor-widget-wrap elementor-element-populated\">\n\t\t\t\t\t\t<div class=\"elementor-element elementor-element-e4d5c93 elementor-widget elementor-widget-text-editor\" data-id=\"e4d5c93\" data-element_type=\"widget\" data-widget_type=\"text-editor.default\">\n\t\t\t\t<div class=\"elementor-widget-container\">\n\t\t\t\t\t\t\t\t\t<ol>\n<li><em>\u064a\u0645\u0643\u0646 \u0644\u0644\u0623\u0634\u062e\u0627\u0635 \u0627\u0644\u062d\u0642\u064a\u0642\u064a\u064a\u0646 \u0627\u0644\u0630\u064a\u0646 \u064a\u0642\u0628\u0644\u0648\u0646 \u0623\u0647\u062f\u0627\u0641 \u0627\u0644\u0645\u0646\u0638\u0645\u0629 \u0623\u0646 \u064a\u0635\u0628\u062d\u0648\u0627 \u0623\u0639\u0636\u0627\u0621\u064b \u0643\u0627\u0645\u0644\u064a \u0627\u0644\u0639\u0636\u0648\u064a\u0629 \u0641\u064a \u0627\u0644\u0645\u0646\u0638\u0645\u0629.<\/em><\/li>\n<li><em>\u064a\u062c\u0628 \u0623\u0646 \u064a\u0643\u0648\u0646 \u0627\u0644\u0634\u062e\u0635 \u0627\u0644\u0630\u064a \u0633\u064a\u0635\u0628\u062d \u0639\u0636\u0648\u064b\u0627 \u0641\u064a \u0645\u0646\u0638\u0645\u0629 OT\u0130AD \u064a\u062a\u0645\u062a\u0639 \u0628\u0623\u0647\u0644\u064a\u0629 \u0627\u0644\u062a\u0635\u0631\u0641 \u0648\u064a\u062c\u0628 \u0623\u0646 \u064a\u0643\u0648\u0646 \u0642\u062f \u0623\u0643\u0645\u0644 \u0633\u0646 \u0627\u0644\u062b\u0627\u0645\u0646\u0629 \u0639\u0634\u0631\u0629.<\/em><\/li>\n<li><em>\u064a\u062a\u0645 \u0627\u062a\u062e\u0627\u0630 \u0642\u0631\u0627\u0631 \u0641\u064a \u063a\u0636\u0648\u0646 30 \u064a\u0648\u0645\u064b\u0627 \u0628\u0623\u063a\u0644\u0628\u064a\u0629 \u0623\u0639\u0636\u0627\u0621 \u0645\u062c\u0644\u0633 \u0627\u0644\u0625\u062f\u0627\u0631\u0629 \u0628\u0634\u0623\u0646 \u0627\u0644\u0645\u0631\u0634\u062d \u0627\u0644\u0639\u0636\u0648 \u0627\u0644\u0645\u0642\u062f\u0645 \u0625\u0644\u0649 \u0627\u0644\u0645\u0646\u0638\u0645\u0629 \u0648\u064a\u062a\u0645 \u0625\u0639\u0644\u0627\u0646 \u0627\u0644\u0646\u062a\u064a\u062c\u0629 \u0644\u0644\u0645\u0631\u0634\u062d \u0643\u062a\u0627\u0628\u064a\u064b\u0627. \u064a\u062a\u0645 \u062a\u0633\u062c\u064a\u0644 \u0627\u0644\u0645\u0631\u0634\u062d \u0627\u0644\u0630\u064a \u064a\u062a\u0645 \u0642\u0628\u0648\u0644 \u0637\u0644\u0628\u0647 \u0641\u064a \u0627\u0644\u062f\u0641\u062a\u0631 \u0627\u0644\u0630\u064a \u064a\u062a\u0645 \u0627\u0644\u0627\u062d\u062a\u0641\u0627\u0638 \u0628\u0647 \u0644\u0647\u0630\u0627 \u0627\u0644\u063a\u0631\u0636. \u0627\u0644\u0645\u0624\u0633\u0633\u0648\u0646 \u0647\u0645 \u0623\u0639\u0636\u0627\u0621 \u0643\u0627\u0645\u0644\u0648 \u0627\u0644\u0639\u0636\u0648\u064a\u0629 \u0641\u064a \u0627\u0644\u062c\u0645\u0639\u064a\u0629.<\/em><\/li>\n<li><em>\u0644\u0643\u064a \u064a\u0635\u0628\u062d \u0627\u0644\u0645\u0648\u0627\u0637\u0646\u0648\u0646 \u063a\u064a\u0631 \u0627\u0644\u0623\u062a\u0631\u0627\u0643 \u0623\u0639\u0636\u0627\u0621 \u0641\u064a \u0627\u0644\u062c\u0645\u0639\u064a\u0629 \u064a\u062c\u0628 \u0623\u0646 \u064a\u0643\u0648\u0646 \u0644\u062f\u064a\u0647\u0645 \u062d\u0642 \u0627\u0644\u0625\u0642\u0627\u0645\u0629 \u0641\u064a \u062a\u0631\u0643\u064a\u0627 \u0628\u0627\u0644\u0625\u0636\u0627\u0641\u0629 \u0625\u0644\u0649 \u0627\u0644\u0634\u0631\u0648\u0637 \u0627\u0644\u0645\u0637\u0644\u0648\u0628\u0629 \u0644\u0644\u0645\u0648\u0627\u0637\u0646\u064a\u0646 \u0627\u0644\u0623\u062a\u0631\u0627\u0643. \u0644\u0627 \u064a\u0634\u062a\u0631\u0637 \u0634\u0631\u0637 \u0627\u0644\u0625\u0642\u0627\u0645\u0629 \u0644\u0644\u0639\u0636\u0648\u064a\u0629 \u0627\u0644\u0641\u062e\u0631\u064a\u0629. \u064a\u062a\u0639\u0647\u062f \u0623\u0639\u0636\u0627\u0621 \u0627\u0644\u062c\u0645\u0639\u064a\u0629 \u0628\u0627\u0644\u0627\u0644\u062a\u0632\u0627\u0645 \u0628\u0640 \"\u0645\u0628\u0627\u062f\u0626 \u0623\u062e\u0644\u0627\u0642\u064a\u0627\u062a \u0627\u0644\u0639\u0645\u0644\" \u0627\u0644\u0645\u0631\u0641\u0642\u0629 \u0628\u0647\u0630\u0647 \u0627\u0644\u0644\u0648\u0627\u0626\u062d \u0627\u0644\u062f\u0627\u062e\u0644\u064a\u0629.<\/em><\/li>\n<\/ol>\t\t\t\t\t\t\t\t<\/div>\n\t\t\t\t<\/div>\n\t\t\t\t\t<\/div>\n\t\t<\/div>\n\t\t\t\t\t<\/div>\n\t\t<\/section>\n\t\t\t\t<\/div>","protected":false},"excerpt":{"rendered":"<p class=\"tx-excerpt\">Pek \u00e7ok ba\u015far\u0131l\u0131 i\u015f insan\u0131 ile ba\u011flant\u0131l\u0131 ve e\u015f zamanl\u0131 \u00e7al\u0131\u015fmalar y\u00fcr\u00fctme f\u0131rsat\u0131 sunan OT\u0130AD&#8217;a sizde \u00fcye olmak isterseniz a\u015fa\u011f\u0131daki buton vas\u0131tas\u0131 ile bilgisayar\u0131n\u0131za indirece\u011finiz formu doldururak ba\u015fvurabilirsiniz. Formu doldurup [&hellip;]\n<\/p>","protected":false},"author":1,"featured_media":0,"parent":0,"menu_order":0,"comment_status":"closed","ping_status":"closed","template":"","meta":{"footnotes":""},"class_list":["post-2705","page","type-page","status-publish","hentry"],"_links":{"self":[{"href":"https:\/\/www.otiad.org.tr\/ar\/wp-json\/wp\/v2\/pages\/2705","targetHints":{"allow":["GET"]}}],"collection":[{"href":"https:\/\/www.otiad.org.tr\/ar\/wp-json\/wp\/v2\/pages"}],"about":[{"href":"https:\/\/www.otiad.org.tr\/ar\/wp-json\/wp\/v2\/types\/page"}],"author":[{"embeddable":true,"href":"https:\/\/www.otiad.org.tr\/ar\/wp-json\/wp\/v2\/users\/1"}],"replies":[{"embeddable":true,"href":"https:\/\/www.otiad.org.tr\/ar\/wp-json\/wp\/v2\/comments?post=2705"}],"version-history":[{"count":7,"href":"https:\/\/www.otiad.org.tr\/ar\/wp-json\/wp\/v2\/pages\/2705\/revisions"}],"predecessor-version":[{"id":5361,"href":"https:\/\/www.otiad.org.tr\/ar\/wp-json\/wp\/v2\/pages\/2705\/revisions\/5361"}],"wp:attachment":[{"href":"https:\/\/www.otiad.org.tr\/ar\/wp-json\/wp\/v2\/media?parent=2705"}],"curies":[{"name":"wp","href":"https:\/\/api.w.org\/{rel}","templated":true}]}}