{"id":2587,"date":"2023-06-12T14:29:47","date_gmt":"2023-06-12T11:29:47","guid":{"rendered":"https:\/\/www.otiad.org.tr\/?page_id=2587"},"modified":"2025-07-21T09:58:02","modified_gmt":"2025-07-21T06:58:02","slug":"%d9%85%d8%a7-%d9%87%d9%88-%d8%b9%d8%aa%d9%8a%d8%a7%d8%af","status":"publish","type":"page","link":"https:\/\/www.otiad.org.tr\/ar\/%d9%85%d8%a7-%d9%87%d9%88-%d8%b9%d8%aa%d9%8a%d8%a7%d8%af\/","title":{"rendered":"\u0645\u0627 \u0647\u0648 \u0623\u0648\u062a\u064a\u0627\u062f\u061f"},"content":{"rendered":"<div data-elementor-type=\"wp-page\" data-elementor-id=\"2587\" class=\"elementor elementor-2587\" data-elementor-post-type=\"page\">\n\t\t\t\t\t\t<section class=\"elementor-section elementor-top-section elementor-element elementor-element-77891248 elementor-section-boxed elementor-section-height-default elementor-section-height-default\" data-id=\"77891248\" data-element_type=\"section\" data-settings=\"{&quot;jet_parallax_layout_list&quot;:[]}\">\n\t\t\t\t\t\t<div class=\"elementor-container elementor-column-gap-default\">\n\t\t\t\t\t<div class=\"elementor-column elementor-col-100 elementor-top-column elementor-element elementor-element-5ccd2507\" data-id=\"5ccd2507\" data-element_type=\"column\">\n\t\t\t<div class=\"elementor-widget-wrap elementor-element-populated\">\n\t\t\t\t\t\t<div class=\"elementor-element elementor-element-6b8a2907 elementor-widget elementor-widget-text-editor\" data-id=\"6b8a2907\" data-element_type=\"widget\" data-widget_type=\"text-editor.default\">\n\t\t\t\t<div class=\"elementor-widget-container\">\n\t\t\t\t\t\t\t\t\t\n<p>OTIAD - \u062c\u0645\u0639\u064a\u0629 \u0623\u0647\u0644 \u0623\u0639\u0645\u0627\u0644 \u0627\u0644\u0645\u0646\u0633\u0648\u062c\u0627\u062a \u0641\u064a \u0639\u062b\u0645\u0627\u0646 \u0628\u0627\u064a<\/p>\n<p>\u062a\u0623\u0633\u0633\u062a \u062c\u0645\u0639\u064a\u0629 \u0631\u062c\u0627\u0644 \u0623\u0639\u0645\u0627\u0644 \u0639\u062b\u0645\u0627\u0646 \u0628\u064a\u0647 \u0644\u0644\u0645\u0646\u0633\u0648\u062c\u0627\u062a (OT\u0130AD) \u0641\u064a \u0639\u0627\u0645 1999 \u0644\u0644\u062c\u0645\u0639 \u0628\u064a\u0646 \u0631\u062c\u0627\u0644 \u0627\u0644\u0623\u0639\u0645\u0627\u0644 \u0627\u0644\u0639\u0627\u0645\u0644\u064a\u0646 \u0641\u064a \u0635\u0646\u0627\u0639\u0629 \u0627\u0644\u0645\u0646\u0633\u0648\u062c\u0627\u062a \u0648\u062a\u0639\u0632\u064a\u0632 \u0627\u0644\u062a\u0636\u0627\u0645\u0646 \u0627\u0644\u0642\u0637\u0627\u0639\u064a. \u062a\u0647\u062f\u0641 OT\u0130AD \u0625\u0644\u0649 \u0632\u064a\u0627\u062f\u0629 \u0627\u0644\u0642\u062f\u0631\u0629 \u0627\u0644\u062a\u0646\u0627\u0641\u0633\u064a\u0629 \u0644\u0635\u0646\u0627\u0639\u0629 \u0627\u0644\u0646\u0633\u064a\u062c \u0627\u0644\u062a\u0631\u0643\u064a\u0629 \u0641\u064a \u0627\u0644\u0623\u0633\u0648\u0627\u0642 \u0627\u0644\u0639\u0627\u0644\u0645\u064a\u0629 \u0645\u0639 \u062a\u0634\u062c\u064a\u0639 \u0627\u0644\u062a\u0639\u0627\u0648\u0646 \u0648\u062a\u0628\u0627\u062f\u0644 \u0627\u0644\u0645\u0639\u0644\u0648\u0645\u0627\u062a \u0628\u064a\u0646 \u0623\u0639\u0636\u0627\u0626\u0647\u0627.<\/p>\n<p>\u062a\u0648\u0627\u0635\u0644 \u0634\u0631\u0643\u0629 OT\u0130AD\u060c \u0627\u0644\u062a\u064a \u062a\u0633\u0627\u0647\u0645 \u0641\u064a \u0642\u0637\u0627\u0639 \u0627\u0644\u0645\u0646\u0633\u0648\u062c\u0627\u062a \u0648\u0627\u0644\u0645\u0644\u0627\u0628\u0633 \u0627\u0644\u062c\u0627\u0647\u0632\u0629 \u0641\u064a \u0625\u0633\u0637\u0646\u0628\u0648\u0644 \u0648\u062a\u0631\u0643\u064a\u0627\u060c \u0648\u062e\u0627\u0635\u0629 \u0641\u064a \u0639\u062b\u0645\u0627\u0646 \u0628\u064a\u0647\u060c \u0645\u0646\u0630 \u062a\u0623\u0633\u064a\u0633\u0647\u0627\u060c \u0623\u0646\u0634\u0637\u062a\u0647\u0627 \u0645\u0639 \u0645\u0646\u0638\u0645\u0627\u062a \u0627\u0644\u0645\u0639\u0627\u0631\u0636 \u0648\u0627\u0644\u0627\u062c\u062a\u0645\u0627\u0639\u0627\u062a \u0627\u0644\u0642\u0637\u0627\u0639\u064a\u0629 \u0648\u0627\u0644\u0646\u062f\u0648\u0627\u062a \u0627\u0644\u062a\u062f\u0631\u064a\u0628\u064a\u0629 \u0648\u0645\u0634\u0627\u0631\u064a\u0639 \u0627\u0644\u0645\u0633\u0624\u0648\u0644\u064a\u0629 \u0627\u0644\u0627\u062c\u062a\u0645\u0627\u0639\u064a\u0629.<\/p>\n<p>\u0644\u0642\u062f \u062a\u0628\u0646\u062a \u062c\u0645\u0639\u064a\u062a\u0646\u0627 \u0645\u0628\u062f\u0623 \u062d\u0645\u0627\u064a\u0629 \u062d\u0642\u0648\u0642 \u0648\u0645\u0635\u0627\u0644\u062d \u0623\u0639\u0636\u0627\u0626\u0647\u0627 \u0648\u0627\u0644\u0633\u0639\u064a \u0644\u0625\u064a\u062c\u0627\u062f \u062d\u0644\u0648\u0644 \u0644\u0645\u0634\u0627\u0643\u0644 \u0627\u0644\u0642\u0637\u0627\u0639 \u0648\u0627\u0644\u0645\u0633\u0627\u0647\u0645\u0629 \u0641\u064a \u0627\u0644\u062a\u0646\u0645\u064a\u0629 \u0627\u0644\u0627\u0642\u062a\u0635\u0627\u062f\u064a\u0629 \u0644\u0628\u0644\u062f\u0646\u0627.<\/p>\n<p>\u062a\u0633\u062a\u0645\u0631 \u0623\u0648\u062a\u064a\u0627\u062f \u0641\u064a \u0623\u0646 \u062a\u0643\u0648\u0646 \u0645\u0646\u0635\u0629 \u062a\u0634\u0643\u0644 \u0645\u0633\u062a\u0642\u0628\u0644 \u0635\u0646\u0627\u0639\u0629 \u0627\u0644\u0646\u0633\u064a\u062c \u0628\u0645\u0641\u0647\u0648\u0645 \"\u0646\u062d\u0646 \u0623\u0642\u0648\u0649 \u0645\u0639\u064b\u0627\".<\/p>\n\t\t\t\t\t\t\t\t<\/div>\n\t\t\t\t<\/div>\n\t\t\t\t\t<\/div>\n\t\t<\/div>\n\t\t\t\t\t<\/div>\n\t\t<\/section>\n\t\t\t\t<\/div>","protected":false},"excerpt":{"rendered":"<p class=\"tx-excerpt\">OT\u0130AD \u2013 Osmanbey Tekstilci \u0130\u015f \u0130nsanlar\u0131 Derne\u011fi Osmanbey Tekstilci \u0130\u015f \u0130nsanlar\u0131 Derne\u011fi (OT\u0130AD), 1999 y\u0131l\u0131nda tekstil sekt\u00f6r\u00fcnde faaliyet g\u00f6steren i\u015f insanlar\u0131n\u0131 bir araya getirmek ve sekt\u00f6rel dayan\u0131\u015fmay\u0131 g\u00fc\u00e7lendirmek amac\u0131yla kurulmu\u015ftur. [&hellip;]\n<\/p>","protected":false},"author":1,"featured_media":0,"parent":0,"menu_order":0,"comment_status":"closed","ping_status":"closed","template":"","meta":{"footnotes":""},"class_list":["post-2587","page","type-page","status-publish","hentry"],"_links":{"self":[{"href":"https:\/\/www.otiad.org.tr\/ar\/wp-json\/wp\/v2\/pages\/2587","targetHints":{"allow":["GET"]}}],"collection":[{"href":"https:\/\/www.otiad.org.tr\/ar\/wp-json\/wp\/v2\/pages"}],"about":[{"href":"https:\/\/www.otiad.org.tr\/ar\/wp-json\/wp\/v2\/types\/page"}],"author":[{"embeddable":true,"href":"https:\/\/www.otiad.org.tr\/ar\/wp-json\/wp\/v2\/users\/1"}],"replies":[{"embeddable":true,"href":"https:\/\/www.otiad.org.tr\/ar\/wp-json\/wp\/v2\/comments?post=2587"}],"version-history":[{"count":4,"href":"https:\/\/www.otiad.org.tr\/ar\/wp-json\/wp\/v2\/pages\/2587\/revisions"}],"predecessor-version":[{"id":7788,"href":"https:\/\/www.otiad.org.tr\/ar\/wp-json\/wp\/v2\/pages\/2587\/revisions\/7788"}],"wp:attachment":[{"href":"https:\/\/www.otiad.org.tr\/ar\/wp-json\/wp\/v2\/media?parent=2587"}],"curies":[{"name":"wp","href":"https:\/\/api.w.org\/{rel}","templated":true}]}}